{"id":528,"date":"2023-02-17T11:04:31","date_gmt":"2023-02-17T11:04:31","guid":{"rendered":"https:\/\/istorming.es\/?page_id=528"},"modified":"2023-03-28T08:38:50","modified_gmt":"2023-03-28T08:38:50","slug":"politica-cookies","status":"publish","type":"page","link":"https:\/\/istorming.ar\/wp\/politica-cookies\/","title":{"rendered":"Pol\u00edtica De Cookies"},"content":{"rendered":"\n<p>Navegar por esta web con las cookies activadas en el navegador conlleva de manera imprescindible la aceptaci\u00f3n del uso de las mismas conforme la presente pol\u00edtica. Si no aceptas el uso de cookies, puedes bloquearlas en el navegador. Las cookies permiten a la web recordar tus preferencias y reconocerte en sucesivas visitas. Esto se consigue almacenando en tu equipo de navegaci\u00f3n cierta informaci\u00f3n sobre tu uso de la web. Algunas de las cookies se utilizan por nosotros y por terceros.<\/p>\n\n\n\n<p><strong><br>Cosas que hay que saber sobre las \u201ccookies\u201d<\/strong><\/p>\n\n\n\n<p><br>\u2013&nbsp;<strong>Las cookies forman parte de la mayor\u00eda de webs<\/strong>. Cuando accedes a una web que utiliza cookies, la web hace que el navegador cree en tu equipo (ordenador, tableta, tel\u00e9fono etc) peque\u00f1os ficheros con informaci\u00f3n necesaria para el funcionamiento de la web. Estos ficheros (que son las cookies propiamente) forman parte de la tecnolog\u00eda necesaria para el correcto funcionamiento del sitio web y no son inherentemente perjudiciales.<\/p>\n\n\n\n<p><br>\u2013&nbsp;<strong>Tu historial de navegaci\u00f3n y cookies se almacenan en tu equipo<\/strong>. Las cookies, de forma similar al historial de navegaci\u00f3n o a la memoria cach\u00e9 del navegador, son un rastro de tu actividad en Internet. Esto puede ser importante si otras personas pueden acceder a tu equipo. En caso de que est\u00e9s utilizando un equipo compartido, te recomendamos que al acabar elimines la informaci\u00f3n sobre tu historial de navegaci\u00f3n, cach\u00e9 y cookies. Si no sabes c\u00f3mo hacerlo consulta el apartado de ayuda del navegador.<\/p>\n\n\n\n<p><br>\u2013&nbsp;<strong>Puedes desactivar las cookies, pero algunas webs no funcionar\u00e1n correctamente<\/strong>. Si te preocupa tu privacidad, puedes desactivar completamente el uso de cookies en el apartado de configuraci\u00f3n de tu navegador. De hacerlo es posible que algunas partes de la web no funcionen correctamente.<\/p>\n\n\n\n<p><strong><br>Uso de complementos y cookies de terceros<\/strong><br>Esta web utiliza varios complementos y cookies de terceros. Navegar por esta web con las cookies activadas conlleva necesariamente la aceptaci\u00f3n de la pol\u00edtica de privacidad establecida por el proveedor del complemento o cookie. Si no aceptas el uso de estas cookies, puedes bloquearlas en el navegador.<\/p>\n\n\n\n<p><strong><br>C\u00f3mo impedir el uso de cookies y c\u00f3mo borrar las cookies<\/strong><\/p>\n\n\n\n<p>La mayor\u00eda de navegadores te permiten desactivar completamente las cookies. Los navegadores tambi\u00e9n te permiten borrar las cookies creadas por una web espec\u00edfica. Para ello debes consultar la ayuda de tu navegador.<\/p>\n\n\n\n<p>Tambi\u00e9n puedes encontrar informaci\u00f3n en las webs de los navegadores:<\/p>\n\n\n\n<p>\u2013 Chrome:&nbsp;<a href=\"http:\/\/support.google.com\/chrome\/bin\/answer.py?hl=es&amp;answer=95647\" target=\"_blank\" rel=\"noreferrer noopener\">http:\/\/support.google.com\/chrome\/bin\/answer.py?hl=es&amp;answer=95647<\/a><\/p>\n\n\n\n<p>\u2013 Explorer:&nbsp;<a href=\"http:\/\/windows.microsoft.com\/es-es\/windows7\/how-to-manage-cookies-in-internet-explorer-9\" target=\"_blank\" rel=\"noreferrer noopener\">http:\/\/windows.microsoft.com\/es-es\/windows7\/how-to-manage-cookies-in-internet-explorer-9<\/a><\/p>\n\n\n\n<p>\u2013 Firefox:&nbsp;<a href=\"http:\/\/support.mozilla.org\/es\/kb\/habilitar-y-deshabilitar-cookies-que-los-sitios-we\" target=\"_blank\" rel=\"noreferrer noopener\">http:\/\/support.mozilla.org\/es\/kb\/habilitar-y-deshabilitar-cookies-que-los-sitios-we<\/a><\/p>\n\n\n\n<p>\u2013 Safari:&nbsp;<a href=\"http:\/\/support.apple.com\/kb\/ph5042\" target=\"_blank\" rel=\"noreferrer noopener\">http:\/\/support.apple.com\/kb\/ph5042<\/a><\/p>\n\n\n\n<p>\u2013 Safari para IOS:&nbsp;<a href=\"http:\/\/support.apple.com\/kb\/HT1677?viewlocale=es_ES&amp;locale=es_ES\" target=\"_blank\" rel=\"noreferrer noopener\">http:\/\/support.apple.com\/kb\/HT1677?viewlocale=es_ES&amp;locale=es_ES<\/a><\/p>\n\n\n\n<p>\u2013 Opera:&nbsp;<a href=\"http:\/\/help.opera.com\/Windows\/11.50\/es-ES\/cookies.html\" target=\"_blank\" rel=\"noreferrer noopener\">http:\/\/help.opera.com\/Windows\/11.50\/es-ES\/cookies.html<\/a><\/p>\n\n\n\n<p>Recuerda que en caso de bloquear las cookies es posible que determinados servicios o funcionalidades de la web no funcionen correctamente.<\/p>\n\n\n\n<h2 class=\"wp-block-heading\"><\/h2>\n\n\n\n<h4 class=\"wp-block-heading\">Tipos De Cookies Utilizadas Seg\u00fan Necesidad<\/h4>\n\n\n\n<p><strong>Cookies Necesarias:<\/strong>&nbsp;Las Cookies Necesarias son absolutamente esenciales para que el sitio web funcione correctamente. Esta categor\u00eda solo incluye cookies que garantizan funcionalidades b\u00e1sicas y caracter\u00edsticas de seguridad del sitio web. Estas cookies no almacenan ninguna informaci\u00f3n personal.<\/p>\n\n\n\n<p><strong><br>Cookies No Necesarias:<\/strong>&nbsp;Las cookies No Necesarias pueden no ser particularmente necesarias para que el sitio web funcione y se utilizan espec\u00edficamente para recopilar datos personales del usuario a trav\u00e9s de an\u00e1lisis, anuncios y otros contenidos integrados. Es obligatorio informar de su utilizaci\u00f3n y obtener el consentimiento del usuario sobre su uso.<\/p>\n","protected":false},"excerpt":{"rendered":"<p>Navegar por esta web con las cookies activadas en el navegador conlleva de manera imprescindible la aceptaci\u00f3n del uso de las mismas conforme la presente pol\u00edtica. Si no aceptas el uso de cookies, puedes bloquearlas en el navegador. Las cookies permiten a la web recordar tus preferencias y reconocerte en sucesivas visitas. Esto se consigue [&hellip;]<\/p>\n","protected":false},"author":2,"featured_media":0,"parent":0,"menu_order":0,"comment_status":"closed","ping_status":"closed","template":"","meta":{"footnotes":""},"class_list":["post-528","page","type-page","status-publish","hentry"],"_links":{"self":[{"href":"https:\/\/istorming.ar\/wp\/wp-json\/wp\/v2\/pages\/528","targetHints":{"allow":["GET"]}}],"collection":[{"href":"https:\/\/istorming.ar\/wp\/wp-json\/wp\/v2\/pages"}],"about":[{"href":"https:\/\/istorming.ar\/wp\/wp-json\/wp\/v2\/types\/page"}],"author":[{"embeddable":true,"href":"https:\/\/istorming.ar\/wp\/wp-json\/wp\/v2\/users\/2"}],"replies":[{"embeddable":true,"href":"https:\/\/istorming.ar\/wp\/wp-json\/wp\/v2\/comments?post=528"}],"version-history":[{"count":1,"href":"https:\/\/istorming.ar\/wp\/wp-json\/wp\/v2\/pages\/528\/revisions"}],"predecessor-version":[{"id":529,"href":"https:\/\/istorming.ar\/wp\/wp-json\/wp\/v2\/pages\/528\/revisions\/529"}],"wp:attachment":[{"href":"https:\/\/istorming.ar\/wp\/wp-json\/wp\/v2\/media?parent=528"}],"curies":[{"name":"wp","href":"https:\/\/api.w.org\/{rel}","templated":true}]}}